{"id":130,"date":"2023-03-31T19:36:37","date_gmt":"2023-03-31T19:36:37","guid":{"rendered":"https:\/\/claystudentleadership.org\/about-us\/dropout-challenge-and-approach\/"},"modified":"2023-04-01T15:53:03","modified_gmt":"2023-04-01T15:53:03","slug":"dropout-challenge-and-approach","status":"publish","type":"page","link":"https:\/\/claystudentleadership.org\/es\/about-us\/dropout-challenge-and-approach\/","title":{"rendered":"Desaf\u00edo y enfoque del abandono escolar"},"content":{"rendered":"<section class=\"bde-section-130-100 bde-section\">\n              \n  \n  \n\t\n\n  <div class=\"section-background-overlay\"><\/div>\n\n\n<div class=\"section-container\"><div class=\"bde-text-130-101 bde-text\">\nDesaf\u00edo y enfoque del abandono escolar\n<\/div><h3 class=\"bde-heading-130-102 bde-heading\">\nCLAY Student Leadership es un programa dise\u00f1ado para transformar positivamente las vidas de los estudiantes y los padres de las comunidades de riesgo mediante una formaci\u00f3n hol\u00edstica y relevante en materia de liderazgo.\n<\/h3><\/div>\n<\/section><section class=\"bde-section-130-103 bde-section\">\n  \n  \n\t\n\n\n\n<div class=\"section-container\"><h2 class=\"bde-heading-130-105 bde-heading\">\nEl desaf\u00edo del abandono escolar\n<\/h2><div class=\"bde-text-130-104 bde-text\">\nSeg\u00fan una publicaci\u00f3n reciente, m\u00e1s de un mill\u00f3n de ni\u00f1os abandonan los estudios cada a\u00f1o, unos 7.000 al d\u00eda, y las cifras siguen aumentando. Los que abandonan los estudios nunca alcanzan a los graduados de secundaria en ning\u00fan \u00e1mbito de la vida. Tienen menos probabilidades de encontrar trabajo y son m\u00e1s propensos a vivir en la pobreza, cometer delitos y sufrir problemas de salud[1]. Sin embargo, \u00bfqu\u00e9 se puede hacer para evitar que los j\u00f3venes de hoy abandonen los estudios? En primer lugar, hay que identificar la ra\u00edz del problema.\n<\/div><\/div>\n<\/section><section class=\"bde-section-130-106 bde-section\">\n  \n  \n\t\n\n\n\n<div class=\"section-container\"><div class=\"bde-columns-130-107 bde-columns\"><div class=\"bde-column-130-108 bde-column info--box--light\">\n  \n  \n\t\n\n\n\n<h2 class=\"bde-heading-130-113 bde-heading\">\nIdentificar la ra\u00edz del problema<br>\n<\/h2><div class=\"bde-text-130-110 bde-text\">\nLa investigaci\u00f3n indica que dos conjuntos de factores pueden desempe\u00f1ar un papel fundamental en la decisi\u00f3n de un estudiante de abandonar los estudios:<br><br>1. Caracter\u00edsticas institucionales de sus familias, escuelas y comunidades<br>2. Caracter\u00edsticas individuales de los propios alumnos<br><br>Las pr\u00e1cticas de los padres, como el seguimiento de los progresos del ni\u00f1o en la escuela, la comunicaci\u00f3n con la escuela y el conocimiento de los padres de los amigos de sus hijos, pueden influir en el hecho de que un alumno abandone o permanezca en la escuela. Adem\u00e1s, las caracter\u00edsticas de las escuelas, como las pol\u00edticas y las pr\u00e1cticas, influyen en las decisiones de los estudiantes[2].<br><br>Los estudiantes han declarado que algunas de las razones por las que han abandonado son:<br><br>- Sus clases no eran interesantes<br>- No estaban motivados ni inspirados para trabajar duro<br>- Estaban fracasando en la escuela y no pod\u00edan seguir el ritmo de las tareas escolares<br>- Hab\u00edan faltado demasiados d\u00edas y no pod\u00edan ponerse al d\u00eda en su trabajo<br>- Hab\u00edan repetido un grado<br>- Se convirtieron en padres<br>- Tuvieron que cuidar a un familiar[3]\n<\/div>\n<\/div><div class=\"bde-column-130-109 bde-column info--box--light\">\n  \n  \n\t\n\n\n\n<h2 class=\"bde-heading-130-112 bde-heading\">\nrespuesta de clay\n<\/h2><div class=\"bde-text-130-114 bde-text\">\nCLAY Student Leadership proporciona un enfoque hol\u00edstico para hacer frente a las alarmantes tasas de abandono escolar a trav\u00e9s de su innovador plan de estudios de liderazgo mediante:\n<\/div><div class=\"bde-text-130-111 bde-text\">\n<b>- Trabajar con alumnos a partir de la ense\u00f1anza media<br><\/b>Plan de estudios de seis a\u00f1os de Liderazgo Estudiantil CLAY<br><br><b>- Implicar a los padres en la vida de su hijo<br><\/b>Universidad matriz del plan de estudios de seis a\u00f1os de liderazgo estudiantil CLAY<br><br><b>- Equipar a los padres para comunicarse con el ni\u00f1o as\u00ed como con la administraci\u00f3n escolar<br><\/b>Universidad matriz del plan de estudios de seis a\u00f1os de liderazgo estudiantil CLAY<br><br><b>- Comprometer a las escuelas con los padres<br><\/b>Universidad matriz del plan de estudios de seis a\u00f1os de liderazgo estudiantil CLAY<br><br><b>- Proporcionar un curr\u00edculo de liderazgo adaptado a los j\u00f3venes<br><\/b>Componentes b\u00e1sicos del liderazgo estudiantil CLAY<br><br><b>- Llegar a los alumnos con mayor riesgo de abandono escolar<br><\/b>Plan de estudios acelerado de liderazgo estudiantil CLAY R3\n<\/div>\n<\/div><\/div><\/div>\n<\/section><section class=\"bde-section-130-115 bde-section\">\n  \n  \n\t\n\n\n\n<div class=\"section-container\"><div class=\"bde-rich-text-130-116 bde-rich-text breakdance-rich-text-styles\">\n<p><em>[1] Rumberger, R. (2011). El abandono escolar: Por qu\u00e9 los estudiantes abandonan la escuela secundaria y qu\u00e9 se puede hacer al respecto. Harvard University Press, 2011. Imprimir<\/em><br><em>[2] Rumberger, R., y Lim, S., <\/em><a target=\"_blank\" href=\"http:\/\/www.cdrp.ucsb.edu\/download.php?file=researchreport15.pdf\"><em>\"Por qu\u00e9 los estudiantes abandonan los estudios: Una revisi\u00f3n de 25 a\u00f1os de investigaci\u00f3n\"<\/em><\/a><em>, Proyecto de Investigaci\u00f3n sobre el Abandono Escolar en California, Universidad de California, Santa B\u00e1rbara, 2008,.<\/em><br><em>[3] Bridgeland, J., DiIulio, J., y Morison, K., <\/em><a target=\"_blank\" href=\"http:\/\/www.civicenterprises.net\/pdfs\/thesilentepidemic3-06.pdf\"><em>\"La epidemia silenciosa: Perspectivas de los que abandonan la escuela secundaria\"<\/em><\/a><em>, Civic Enterprises en asociaci\u00f3n con Peter D. Hart Research Associates, 2006.<\/em><\/p>\n<\/div><\/div>\n<\/section>","protected":false},"excerpt":{"rendered":"<p>El Desaf\u00edo del Abandono Escolar y su Enfoque El Liderazgo Estudiantil CLAY es un programa dise\u00f1ado para transformar positivamente las vidas de los estudiantes y padres de comunidades en riesgo mediante una formaci\u00f3n hol\u00edstica y relevante en liderazgo. El reto del abandono escolar Seg\u00fan una publicaci\u00f3n reciente, m\u00e1s de un mill\u00f3n de ni\u00f1os abandonan los estudios cada a\u00f1o, unos 7.000 al d\u00eda, y las cifras siguen [...]<\/p>","protected":false},"author":1,"featured_media":0,"parent":90,"menu_order":0,"comment_status":"closed","ping_status":"closed","template":"","meta":{"_breakdance_hide_in_design_set":false,"_breakdance_tags":"","footnotes":""},"class_list":["post-130","page","type-page","status-publish","hentry"],"meta_box":[],"_links":{"self":[{"href":"https:\/\/claystudentleadership.org\/es\/wp-json\/wp\/v2\/pages\/130","targetHints":{"allow":["GET"]}}],"collection":[{"href":"https:\/\/claystudentleadership.org\/es\/wp-json\/wp\/v2\/pages"}],"about":[{"href":"https:\/\/claystudentleadership.org\/es\/wp-json\/wp\/v2\/types\/page"}],"author":[{"embeddable":true,"href":"https:\/\/claystudentleadership.org\/es\/wp-json\/wp\/v2\/users\/1"}],"replies":[{"embeddable":true,"href":"https:\/\/claystudentleadership.org\/es\/wp-json\/wp\/v2\/comments?post=130"}],"version-history":[{"count":3,"href":"https:\/\/claystudentleadership.org\/es\/wp-json\/wp\/v2\/pages\/130\/revisions"}],"predecessor-version":[{"id":157,"href":"https:\/\/claystudentleadership.org\/es\/wp-json\/wp\/v2\/pages\/130\/revisions\/157"}],"up":[{"embeddable":true,"href":"https:\/\/claystudentleadership.org\/es\/wp-json\/wp\/v2\/pages\/90"}],"wp:attachment":[{"href":"https:\/\/claystudentleadership.org\/es\/wp-json\/wp\/v2\/media?parent=130"}],"curies":[{"name":"wp","href":"https:\/\/api.w.org\/{rel}","templated":true}]}}