{"id":132,"date":"2023-03-31T19:36:37","date_gmt":"2023-03-31T19:36:37","guid":{"rendered":"https:\/\/claystudentleadership.org\/about-us\/partners\/"},"modified":"2025-04-16T03:21:08","modified_gmt":"2025-04-16T03:21:08","slug":"partners","status":"publish","type":"page","link":"https:\/\/claystudentleadership.org\/es\/about-us\/partners\/","title":{"rendered":"Socios"},"content":{"rendered":"<section class=\"bde-section-132-100 bde-section\">\n              \n  \n  \n\t\n\n  <div class=\"section-background-overlay\"><\/div>\n\n\n<div class=\"section-container\"><div class=\"bde-text-132-101 bde-text\">\nSocios\n<\/div><h3 class=\"bde-heading-132-102 bde-heading\">\nCLAY Student Leadership es un programa dise\u00f1ado para transformar positivamente las vidas de los estudiantes y los padres de las comunidades de riesgo mediante una formaci\u00f3n hol\u00edstica y relevante en materia de liderazgo.\n<\/h3><\/div>\n<\/section><section class=\"bde-section-132-103 bde-section\">\n  \n  \n\t\n\n\n\n<div class=\"section-container\"><div class=\"bde-columns-132-104 bde-columns\"><div class=\"bde-column-132-105 bde-column info--box--light\">\n  \n  \n\t\n\n\n\n<h2 class=\"bde-heading-132-108 bde-heading\">\nPatrocinadores\n<\/h2><div class=\"bde-text-132-109 bde-text\">\nNuestro trabajo transformador de vidas no ser\u00eda posible sin el apoyo de empresas, organizaciones y particulares que se unen a CLAY para fomentar un cambio sostenible en nuestras comunidades.\n<\/div>\n<\/div><div class=\"bde-column-132-110 bde-column info--box--light\">\n  \n  \n\t\n\n\n\n<h2 class=\"bde-heading-132-111 bde-heading\">\nSocios comunitarios\n<\/h2><div class=\"bde-text-132-112 bde-text\">\nLa transformaci\u00f3n de los estudiantes es un esfuerzo comunitario. Nuestros socios comunitarios vienen junto a nosotros para compartir la misi\u00f3n de Caring Loving All Youth y crear un futuro mejor para los estudiantes y las familias de nuestras comunidades.\n<\/div>\n<\/div><div class=\"bde-column-132-113 bde-column info--box--light\">\n  \n  \n\t\n\n\n\n<h2 class=\"bde-heading-132-114 bde-heading\">\nAs\u00f3ciese con nosotros\n<\/h2><div class=\"bde-text-132-115 bde-text\">\nLe invitamos a usted, a su empresa o a su organizaci\u00f3n a formar parte de la misi\u00f3n de liderazgo estudiantil del CLAY.\n<\/div>\n<\/div><\/div><\/div>\n<\/section>","protected":false},"excerpt":{"rendered":"<p>Socios CLAY Student Leadership es un programa dise\u00f1ado para transformar positivamente las vidas de estudiantes y padres de comunidades en riesgo a trav\u00e9s de una formaci\u00f3n hol\u00edstica y relevante en liderazgo. Patrocinadores Nuestro trabajo transformador de vidas no ser\u00eda posible sin el apoyo de empresas, organizaciones e individuos que se unen a CLAY para fomentar un cambio sostenible en nuestras comunidades. Socios comunitarios [...]<\/p>","protected":false},"author":1,"featured_media":0,"parent":90,"menu_order":0,"comment_status":"closed","ping_status":"closed","template":"","meta":{"_breakdance_hide_in_design_set":false,"_breakdance_tags":"","footnotes":""},"class_list":["post-132","page","type-page","status-publish","hentry"],"meta_box":[],"_links":{"self":[{"href":"https:\/\/claystudentleadership.org\/es\/wp-json\/wp\/v2\/pages\/132","targetHints":{"allow":["GET"]}}],"collection":[{"href":"https:\/\/claystudentleadership.org\/es\/wp-json\/wp\/v2\/pages"}],"about":[{"href":"https:\/\/claystudentleadership.org\/es\/wp-json\/wp\/v2\/types\/page"}],"author":[{"embeddable":true,"href":"https:\/\/claystudentleadership.org\/es\/wp-json\/wp\/v2\/users\/1"}],"replies":[{"embeddable":true,"href":"https:\/\/claystudentleadership.org\/es\/wp-json\/wp\/v2\/comments?post=132"}],"version-history":[{"count":5,"href":"https:\/\/claystudentleadership.org\/es\/wp-json\/wp\/v2\/pages\/132\/revisions"}],"predecessor-version":[{"id":849,"href":"https:\/\/claystudentleadership.org\/es\/wp-json\/wp\/v2\/pages\/132\/revisions\/849"}],"up":[{"embeddable":true,"href":"https:\/\/claystudentleadership.org\/es\/wp-json\/wp\/v2\/pages\/90"}],"wp:attachment":[{"href":"https:\/\/claystudentleadership.org\/es\/wp-json\/wp\/v2\/media?parent=132"}],"curies":[{"name":"wp","href":"https:\/\/api.w.org\/{rel}","templated":true}]}}