{"id":177,"date":"2023-04-01T21:38:07","date_gmt":"2023-04-01T21:38:07","guid":{"rendered":"https:\/\/claystudentleadership.org\/?page_id=177"},"modified":"2023-05-18T19:16:00","modified_gmt":"2023-05-18T19:16:00","slug":"contact-us","status":"publish","type":"page","link":"https:\/\/claystudentleadership.org\/es\/contact-us\/","title":{"rendered":"Contacto"},"content":{"rendered":"<section class=\"bde-section-177-100 bde-section\">\n              \n  \n  \n\t\n\n  <div class=\"section-background-overlay\"><\/div>\n\n\n<div class=\"section-container\"><div class=\"bde-text-177-101 bde-text\">\nContacto\n<\/div><h3 class=\"bde-heading-177-102 bde-heading\">\nCLAY Student Leadership es un programa dise\u00f1ado para transformar positivamente las vidas de los estudiantes y los padres de las comunidades de riesgo mediante una formaci\u00f3n hol\u00edstica y relevante en materia de liderazgo.\n<\/h3><\/div>\n<\/section><section id=\"contact-us\" class=\"bde-section-177-103 bde-section\">\n  \n  \n\t\n\n\n\n<div class=\"section-container\"><div class=\"bde-columns-177-104 bde-columns\"><div class=\"bde-column-177-105 bde-column\">\n  \n  \n\t\n\n\n\n<h1 class=\"bde-heading-177-106 bde-heading\">\nInformaci\u00f3n importante\n<\/h1><div class=\"bde-icon-list-177-107 bde-icon-list\">\n<ul>\n  \n              \n    <li>\n              <div class='bde-icon-list__item-wrapper'>\n      \n      <span class='bde-icon-list__icon'>\n        <svg xmlns=\"http:\/\/www.w3.org\/2000\/svg\" viewbox=\"0 0 288 512\"><!-- Font Awesome Free 5.15.1 by @fontawesome - https:\/\/fontawesome.com License - https:\/\/fontawesome.com\/license\/free (Icons: CC BY 4.0, Fonts: SIL OFL 1.1, Code: MIT License) --><path d=\"M112 316.94v156.69l22.02 33.02c4.75 7.12 15.22 7.12 19.97 0L176 473.63V316.94c-10.39 1.92-21.06 3.06-32 3.06s-21.61-1.14-32-3.06zM144 0C64.47 0 0 64.47 0 144s64.47 144 144 144 144-64.47 144-144S223.53 0 144 0zm0 76c-37.5 0-68 30.5-68 68 0 6.62-5.38 12-12 12s-12-5.38-12-12c0-50.73 41.28-92 92-92 6.62 0 12 5.38 12 12s-5.38 12-12 12z\"\/><\/svg>\n      <\/span>\n      <span class='bde-icon-list__text' >\n      17150 Butte Creek Rd, Suite 100, Houston, TX 77090\n      <\/span>\n              <\/div>\n      \n    <\/li>\n\n  \n              \n    <li>\n              <div class='bde-icon-list__item-wrapper'>\n      \n      <span class='bde-icon-list__icon'>\n        <svg xmlns=\"http:\/\/www.w3.org\/2000\/svg\" viewbox=\"0 0 512 512\"><!-- Font Awesome Free 5.15.1 by @fontawesome - https:\/\/fontawesome.com License - https:\/\/fontawesome.com\/license\/free (Icons: CC BY 4.0, Fonts: SIL OFL 1.1, Code: MIT License) --><path d=\"M497.39 361.8l-112-48a24 24 0 0 0-28 6.9l-49.6 60.6A370.66 370.66 0 0 1 130.6 204.11l60.6-49.6a23.94 23.94 0 0 0 6.9-28l-48-112A24.16 24.16 0 0 0 122.6.61l-104 24A24 24 0 0 0 0 48c0 256.5 207.9 464 464 464a24 24 0 0 0 23.4-18.6l24-104a24.29 24.29 0 0 0-14.01-27.6z\"\/><\/svg>\n      <\/span>\n      <span class='bde-icon-list__text' >\n      281-537-0601\n      <\/span>\n              <\/div>\n      \n    <\/li>\n\n  <\/ul>\n\n<\/div>\n<\/div><div class=\"bde-column-177-108 bde-column\">\n  \n  \n\t\n\n\n\n<h1 class=\"bde-heading-177-109 bde-heading\">\nEnv\u00edenos un mensaje\n<\/h1><div class=\"bde-form-builder-177-110 bde-form-builder\">\n\n<form id=\"contact-form110\" class=\"breakdance-form breakdance-form--vertical\" data-options=\"{&quot;slug&quot;:&quot;custom&quot;,&quot;name&quot;:&quot;Contact Form&quot;,&quot;ajaxUrl&quot;:&quot;https:\\\/\\\/claystudentleadership.org\\\/wp-admin\\\/admin-ajax.php&quot;,&quot;clearOnSuccess&quot;:true,&quot;hideOnSuccess&quot;:false,&quot;successMessage&quot;:&quot;Your message has been received!&quot;,&quot;errorMessage&quot;:&quot;Something went wrong&quot;,&quot;redirect&quot;:false,&quot;redirectUrl&quot;:&quot;&quot;,&quot;customJavaScript&quot;:&quot;&quot;,&quot;recaptcha&quot;:{&quot;key&quot;:&quot;6LdDek8lAAAAALgCoe50lxr62tdOcipRk0ANZ-6J&quot;,&quot;enabled&quot;:true},&quot;honeypot_enabled&quot;:false,&quot;popupsOnSuccess&quot;:[],&quot;popupsOnError&quot;:[]}\" data-steps=\"0\" action=\"\" >\n  \n  \n  \n<div class=\"breakdance-form-field breakdance-form-field--text\" >\n    \n    \n            <label class=\"breakdance-form-field__label\" for=\"name\">\n            Nombre<span class=\"breakdance-form-field__required\">*<\/span>\n        <\/label>\n    \n    <input\n    class=\"breakdance-form-field__input\"\n    id=\"name\"\n    aria-describedby=\"name\"\n    type=\"text\"\n    name=\"fields[name]\"\n    placeholder=\"\"\n    value=\"\"\n                \n        \n        \n    required\n>\n\n\n    \n    \n<\/div>\n\n\n<div class=\"breakdance-form-field breakdance-form-field--email\" >\n    \n    \n            <label class=\"breakdance-form-field__label\" for=\"email\">\n            Correo electr\u00f3nico<span class=\"breakdance-form-field__required\">*<\/span>\n        <\/label>\n    \n    <input\n    class=\"breakdance-form-field__input\"\n    id=\"email\"\n    aria-describedby=\"email\"\n    type=\"email\"\n    name=\"fields[email]\"\n    placeholder=\"\"\n    value=\"\"\n                \n        \n        \n    required\n>\n\n\n    \n    \n<\/div>\n\n\n<div class=\"breakdance-form-field breakdance-form-field--tel\" >\n    \n    \n            <label class=\"breakdance-form-field__label\" for=\"yrmbzh\">\n            Tel\u00e9fono\n        <\/label>\n    \n    <input\n    class=\"breakdance-form-field__input\"\n    id=\"yrmbzh\"\n    aria-describedby=\"yrmbzh\"\n    type=\"tel\"\n    name=\"fields[yrmbzh]\"\n    placeholder=\"\"\n    value=\"\"\n                \n        \n        \n    \n    \n    \n    \n>\n\n\n    \n    \n<\/div>\n\n\n<div class=\"breakdance-form-field breakdance-form-field--textarea\" >\n    \n    \n            <label class=\"breakdance-form-field__label\" for=\"message\">\n            Mensaje<span class=\"breakdance-form-field__required\">*<\/span>\n        <\/label>\n    \n    <textarea\n    class=\"breakdance-form-field__input\"\n    id=\"message\"\n    aria-describedby=\"message\"\n    type=\"textarea\"\n    name=\"fields[message]\"\n        placeholder=\"\"\n    required\n>\n<\/textarea>\n\n\n    \n    \n<\/div>\n\n\n  \n\n<div class=\"breakdance-form-field breakdance-form-footer\">\n    \n    \n                                    \n    \n    \n    \n    \n            \n            <button type=\"submit\" class=\"button-atom button-atom--primary breakdance-form-button breakdance-form-button__submit\"  >\n    \n        <span class=\"button-atom__text\">Enviar<\/span>\n\n        \n        \n            <\/button>\n    \n    <input type=\"hidden\" name=\"form_id\" value=\"110\">\n    <input type=\"hidden\" name=\"post_id\" value=\"177\">\n<\/div>\n\n  \n<input type=\"hidden\" name=\"trp-form-language\" value=\"es\"\/><\/form>\n\n\n<\/div>\n<\/div><\/div><\/div>\n<\/section>","protected":false},"excerpt":{"rendered":"<p>P\u00f3ngase en contacto con nosotros CLAY Student Leadership es un programa dise\u00f1ado para transformar positivamente las vidas de estudiantes y padres de comunidades en riesgo mediante una formaci\u00f3n hol\u00edstica y relevante en liderazgo. Informaci\u00f3n importante 17150 Butte Creek Rd, Suite 100, Houston, TX 77090 281-537-0601 Env\u00edenos un mensaje Nombre* Correo electr\u00f3nico* Tel\u00e9fono Mensaje* Enviar<\/p>","protected":false},"author":1,"featured_media":0,"parent":0,"menu_order":0,"comment_status":"closed","ping_status":"closed","template":"","meta":{"_breakdance_hide_in_design_set":false,"_breakdance_tags":"","footnotes":""},"class_list":["post-177","page","type-page","status-publish","hentry"],"meta_box":[],"_links":{"self":[{"href":"https:\/\/claystudentleadership.org\/es\/wp-json\/wp\/v2\/pages\/177","targetHints":{"allow":["GET"]}}],"collection":[{"href":"https:\/\/claystudentleadership.org\/es\/wp-json\/wp\/v2\/pages"}],"about":[{"href":"https:\/\/claystudentleadership.org\/es\/wp-json\/wp\/v2\/types\/page"}],"author":[{"embeddable":true,"href":"https:\/\/claystudentleadership.org\/es\/wp-json\/wp\/v2\/users\/1"}],"replies":[{"embeddable":true,"href":"https:\/\/claystudentleadership.org\/es\/wp-json\/wp\/v2\/comments?post=177"}],"version-history":[{"count":5,"href":"https:\/\/claystudentleadership.org\/es\/wp-json\/wp\/v2\/pages\/177\/revisions"}],"predecessor-version":[{"id":245,"href":"https:\/\/claystudentleadership.org\/es\/wp-json\/wp\/v2\/pages\/177\/revisions\/245"}],"wp:attachment":[{"href":"https:\/\/claystudentleadership.org\/es\/wp-json\/wp\/v2\/media?parent=177"}],"curies":[{"name":"wp","href":"https:\/\/api.w.org\/{rel}","templated":true}]}}