{"id":91,"date":"2023-03-31T00:24:20","date_gmt":"2023-03-31T00:24:20","guid":{"rendered":"https:\/\/claystudentleadership.org\/oru-clay\/"},"modified":"2023-05-02T19:58:56","modified_gmt":"2023-05-02T19:58:56","slug":"oru-clay","status":"publish","type":"page","link":"https:\/\/claystudentleadership.org\/es\/oru-clay\/","title":{"rendered":"ORU\/CLAY"},"content":{"rendered":"<section class=\"bde-section-91-100 bde-section\">\n              \n  \n  \n\t\n\n  <div class=\"section-background-overlay\"><\/div>\n\n\n<div class=\"section-container\"><div class=\"bde-text-91-101 bde-text\">\nORU\/CLAY\n<\/div><h1 class=\"bde-heading-91-102 bde-heading\">\nCUIDAR Y AMAR A TODOS LOS J\u00d3VENES\n<\/h1><div class=\"bde-text-91-103 bde-text\">\nLa importancia del desarrollo del liderazgo es fundamental para el \u00e9xito a largo plazo de los alumnos y las familias. Los grandes l\u00edderes est\u00e1n seguros de su papel y de su capacidad para cumplir con sus responsabilidades. Se comunican bien con sus equipos y orientan a las personas que les rodean.\n<\/div><div class=\"bde-div-91-104 bde-div\">\n  \n  \n\t\n\n\n\n<div class=\"bde-button-91-105 bde-button\">\n    \n                        \n                        \n    \n    \n    \n    \n            \n                    \n            \n            \n\n    \n    \n    \n    \n    \n    <a class=\"breakdance-link button-atom button-atom--primary bde-button__button\" href=\"#\" target=\"_self\" data-type=\"url\"  >\n\n    \n        <span class=\"button-atom__text\">Nuestro plan de estudios<\/span>\n\n        \n        \n                <\/a>\n\n    \n\n\n<\/div><div class=\"bde-button-91-106 bde-button\">\n    \n                        \n                        \n    \n    \n    \n    \n            \n                    \n            \n            \n\n    \n    \n    \n    \n    \n    <a class=\"breakdance-link button-atom button-atom--secondary bde-button__button\" href=\"https:\/\/claystudentleadership.org\/es\/contact-us\/\" target=\"_self\" data-type=\"url\"  >\n\n    \n        <span class=\"button-atom__text\">Contacto<\/span>\n\n        \n        \n                <\/a>\n\n    \n\n\n<\/div>\n<\/div><\/div>\n<\/section><section class=\"bde-section-91-107 bde-section\">\n  \n  \n\t\n\n\n\n<div class=\"section-container\"><div class=\"bde-columns-91-108 bde-columns\"><div class=\"bde-column-91-109 bde-column info--box--light\">\n  \n  \n\t\n\n\n\n<h2 class=\"bde-heading-91-111 bde-heading\">\nInstrucciones:\n<\/h2><div class=\"bde-text-91-112 bde-text\">\n1. Haga clic en la formaci\u00f3n deseada <br>2. Dentro de EE.UU. seleccione la formaci\u00f3n EE.UU.<br>3. Formaci\u00f3n en espa\u00f1ol fuera de EE.UU. Seleccione la formaci\u00f3n en Am\u00e9rica Latina<br>4. En la caja, introduzca el c\u00f3digo promocional y pulse el bot\u00f3n\n<\/div>\n<\/div><div class=\"bde-column-91-110 bde-column info--box--light\">\n  \n  \n\t\n\n\n\n<h2 class=\"bde-heading-91-113 bde-heading\">\nInstrucciones:\n<\/h2><div class=\"bde-text-91-114 bde-text\">\n1. Haga clic en la capacitaci\u00f3n deseada <br>2. Dentro de los EE. UU. Seleccione entrenamiento en EE. <br>3. Para la formaci\u00f3n en espa\u00f1ol fuera de EE. UU. Seleccione la formaci\u00f3n en Am\u00e9rica Latina <br>4. Al finalizar la compra, ingrese el c\u00f3digo promocional y haga clic en el bot\u00f3n\n<\/div>\n<\/div><\/div><\/div>\n<\/section><section class=\"bde-section-91-116 bde-section\">\n  \n  \n\t\n\n\n\n<div class=\"section-container\"><h1 class=\"bde-heading-91-127 bde-heading\">\nEE.UU.\n<\/h1><div class=\"bde-columns-91-122 bde-columns\"><div class=\"bde-column-91-123 bde-column\">\n  \n  \n\t\n\n\n\n<div class=\"bde-button-91-118 bde-button\">\n    \n                                    \n    \n    \n    \n    \n            \n                    \n            \n            \n\n    \n    \n    \n    \n    \n    <a class=\"breakdance-link button-atom button-atom--primary bde-button__button\" href=\"https:\/\/onecampus.oru.edu\/p\/clayfacilitator\" target=\"_self\" data-type=\"url\"  >\n\n    \n        <span class=\"button-atom__text\">Formaci\u00f3n de facilitadores en EE.UU.<\/span>\n\n        \n        \n                <\/a>\n\n    \n\n\n<\/div>\n<\/div><div class=\"bde-column-91-124 bde-column\">\n  \n  \n\t\n\n\n\n<div class=\"bde-button-91-119 bde-button\">\n    \n                                    \n    \n    \n    \n    \n            \n                    \n            \n            \n\n    \n    \n    \n    \n    \n    <a class=\"breakdance-link button-atom button-atom--primary bde-button__button\" href=\"https:\/\/onecampus.oru.edu\/p\/clay\" target=\"_self\" data-type=\"url\"  >\n\n    \n        <span class=\"button-atom__text\">USA Coordinatr Training<\/span>\n\n        \n        \n                <\/a>\n\n    \n\n\n<\/div>\n<\/div><div class=\"bde-column-91-125 bde-column\">\n  \n  \n\t\n\n\n\n<div class=\"bde-button-91-120 bde-button\">\n    \n                                    \n    \n    \n    \n    \n            \n                    \n            \n            \n\n    \n    \n    \n    \n    \n    <a class=\"breakdance-link button-atom button-atom--primary bde-button__button\" href=\"https:\/\/onecampus.oru.edu\/p\/clayfacilitador\" target=\"_self\" data-type=\"url\"  >\n\n    \n        <span class=\"button-atom__text\">Formaci\u00f3n de facilitadores de ESPA\u00d1OL en EE.UU.<\/span>\n\n        \n        \n                <\/a>\n\n    \n\n\n<\/div>\n<\/div><div class=\"bde-column-91-126 bde-column\">\n  \n  \n\t\n\n\n\n<div class=\"bde-button-91-121 bde-button\">\n    \n                                    \n    \n    \n    \n    \n            \n                    \n            \n            \n\n    \n    \n    \n    \n    \n    <a class=\"breakdance-link button-atom button-atom--primary bde-button__button\" href=\"https:\/\/onecampus.oru.edu\/p\/clayespanol\" target=\"_self\" data-type=\"url\"  >\n\n    \n        <span class=\"button-atom__text\">Formaci\u00f3n de coordinadores de ESPA\u00d1OL en EE.UU. <\/span>\n\n        \n        \n                <\/a>\n\n    \n\n\n<\/div>\n<\/div><\/div><\/div>\n<\/section><section class=\"bde-section-91-128 bde-section\">\n  \n  \n\t\n\n\n\n<div class=\"section-container\"><h1 class=\"bde-heading-91-129 bde-heading\">\nAM\u00c9RICA LATINA\n<\/h1><div class=\"bde-columns-91-130 bde-columns\"><div class=\"bde-column-91-131 bde-column\">\n  \n  \n\t\n\n\n\n<div class=\"bde-button-91-132 bde-button\">\n    \n                                    \n    \n    \n    \n    \n            \n                    \n            \n            \n\n    \n    \n    \n    \n    \n    <a class=\"breakdance-link button-atom button-atom--primary bde-button__button\" href=\"https:\/\/onecampus.oru.edu\/p\/clayfacilitator\" target=\"_self\" data-type=\"url\"  >\n\n    \n        <span class=\"button-atom__text\">Coordinador: Liderazgo Estudiantil CLAY<\/span>\n\n        \n        \n                <\/a>\n\n    \n\n\n<\/div><div class=\"bde-button-91-134 bde-button\">\n    \n                                    \n    \n    \n    \n    \n            \n                    \n            \n            \n\n    \n    \n    \n    \n    \n    <a class=\"breakdance-link button-atom button-atom--primary bde-button__button\" href=\"https:\/\/onecampus.oru.edu\/p\/clay\" target=\"_self\" data-type=\"url\"  >\n\n    \n        <span class=\"button-atom__text\">Facilitador de CLAY<\/span>\n\n        \n        \n                <\/a>\n\n    \n\n\n<\/div>\n<\/div><\/div><\/div>\n<\/section><section class=\"bde-section-91-139 bde-section\">\n  \n  \n\t\n\n\n\n<div class=\"section-container\"><div class=\"bde-text-91-140 bde-text\">\nLa importancia del desarrollo del liderazgo es fundamental para el \u00e9xito a largo plazo de los alumnos y las familias. Los grandes l\u00edderes est\u00e1n seguros de su papel y de su capacidad para cumplir con sus responsabilidades. Se comunican bien con sus equipos y orientan a las personas que les rodean. <br><br>La importancia del desarrollo del liderazgo es fundamental para el \u00e9xito a largo plazo de los estudiantes y las familias. Los grandes l\u00edderes est\u00e1n seguros en su rol y en su\u00a0\n<\/div><\/div>\n<\/section>","protected":false},"excerpt":{"rendered":"<p>ORU\/CLAY CUIDAR AMAR A TODOS LOS J\u00d3VENES La importancia del desarrollo del liderazgo es fundamental para el \u00e9xito a largo plazo de los alumnos y las familias. Los grandes l\u00edderes est\u00e1n seguros de su papel y de su capacidad para cumplir con sus responsabilidades. Se comunican bien con sus equipos y son mentores de las personas que les rodean. Nuestro plan de estudios Contacto Instrucciones: 1. Haga clic en [...]<\/p>","protected":false},"author":1,"featured_media":0,"parent":0,"menu_order":0,"comment_status":"closed","ping_status":"closed","template":"","meta":{"_breakdance_hide_in_design_set":false,"_breakdance_tags":"","footnotes":""},"class_list":["post-91","page","type-page","status-publish","hentry"],"meta_box":[],"_links":{"self":[{"href":"https:\/\/claystudentleadership.org\/es\/wp-json\/wp\/v2\/pages\/91","targetHints":{"allow":["GET"]}}],"collection":[{"href":"https:\/\/claystudentleadership.org\/es\/wp-json\/wp\/v2\/pages"}],"about":[{"href":"https:\/\/claystudentleadership.org\/es\/wp-json\/wp\/v2\/types\/page"}],"author":[{"embeddable":true,"href":"https:\/\/claystudentleadership.org\/es\/wp-json\/wp\/v2\/users\/1"}],"replies":[{"embeddable":true,"href":"https:\/\/claystudentleadership.org\/es\/wp-json\/wp\/v2\/comments?post=91"}],"version-history":[{"count":5,"href":"https:\/\/claystudentleadership.org\/es\/wp-json\/wp\/v2\/pages\/91\/revisions"}],"predecessor-version":[{"id":197,"href":"https:\/\/claystudentleadership.org\/es\/wp-json\/wp\/v2\/pages\/91\/revisions\/197"}],"wp:attachment":[{"href":"https:\/\/claystudentleadership.org\/es\/wp-json\/wp\/v2\/media?parent=91"}],"curies":[{"name":"wp","href":"https:\/\/api.w.org\/{rel}","templated":true}]}}