{"id":92,"date":"2023-03-31T00:24:20","date_gmt":"2023-03-31T00:24:20","guid":{"rendered":"https:\/\/claystudentleadership.org\/curriculum\/"},"modified":"2023-05-02T22:09:14","modified_gmt":"2023-05-02T22:09:14","slug":"curriculum","status":"publish","type":"page","link":"https:\/\/claystudentleadership.org\/es\/curriculum\/","title":{"rendered":"Plan de estudios"},"content":{"rendered":"<section class=\"bde-section-92-135 bde-section\">\n              \n  \n  \n\t\n\n  <div class=\"section-background-overlay\"><\/div>\n\n\n<div class=\"section-container\"><div class=\"bde-text-92-136 bde-text\">\nPlan de estudios\n<\/div><h3 class=\"bde-heading-92-137 bde-heading\">\nCLAY Student Leadership es un programa dise\u00f1ado para transformar positivamente las vidas de los estudiantes y los padres de las comunidades de riesgo mediante una formaci\u00f3n hol\u00edstica y relevante en materia de liderazgo.\n<\/h3><\/div>\n<\/section><section class=\"bde-section-92-107 bde-section\">\n  \n  \n\t\n\n\n\n<div class=\"section-container\"><div class=\"bde-columns-92-108 bde-columns\"><div class=\"bde-column-92-109 bde-column info--box--light\">\n  \n  \n\t\n\n\n\n<h2 class=\"bde-heading-92-111 bde-heading\">\nSeis a\u00f1os<br>Plan de estudios\n<\/h2><div class=\"bde-text-92-112 bde-text\">\nUn plan de estudios de seis a\u00f1os dise\u00f1ado para proporcionar habilidades de liderazgo y formaci\u00f3n para la vida a los estudiantes y sus familias de 7\u00ba a 12\u00ba grado.\n<\/div>\n<\/div><div class=\"bde-column-92-110 bde-column info--box--light\">\n  \n  \n\t\n\n\n\n<h2 class=\"bde-heading-92-113 bde-heading\">\nPlan de estudios acelerado R3\n<\/h2><div class=\"bde-text-92-114 bde-text\">\nDirigido a los estudiantes con mayor riesgo de abandono escolar, el plan de estudios acelerado R3 devuelve a los estudiantes el impulso de vivir, tener \u00e9xito y cumplir el prop\u00f3sito de su vida.\n<\/div>\n<\/div><\/div><\/div>\n<\/section><section class=\"bde-section-92-115 bde-section\">\n  \n  \n\t\n\n\n\n<div class=\"section-container\"><h1 class=\"bde-heading-92-116 bde-heading\">\nPlan de estudios de seis a\u00f1os\n<\/h1><div class=\"bde-text-92-117 bde-text\">\nEl plan de estudios de seis a\u00f1os de Liderazgo Estudiantil CLAY proporciona formaci\u00f3n en liderazgo y habilidades para la vida a los alumnos y sus familias a partir de 3\u00ba de primaria. Cada curso ayuda a los alumnos a identificar, aprender y aplicar valores de liderazgo.\n<\/div><div class=\"bde-columns-92-118 bde-columns\"><div class=\"bde-column-92-119 bde-column\">\n  \n  \n\t\n\n\n\n<div class=\"bde-text-92-121 bde-text info--box--light\">\n<b>OBJETIVOS DEL PROGRAMA<br><\/b>Como parte del programa los estudiantes:<br><br>- Compartir pensamientos y sentimientos en cada clase<br>- Aprender a procesar la informaci\u00f3n que les ayudar\u00e1 a tomar decisiones positivas en la vida<br>- Recuperar sus sue\u00f1os y objetivos<br>- Salir con una nueva visi\u00f3n de la vida, de los padres, de los profesores y de s\u00ed mismos<br>- Pasar de la dependencia a la independencia\n<\/div>\n<\/div><div class=\"bde-column-92-120 bde-column\">\n  \n  \n\t\n\n\n\n<div class=\"bde-rich-text-92-122 bde-rich-text breakdance-rich-text-styles\">\n<h2>CLASES QUINCENALES<\/h2><p>Los estudiantes se re\u00fanen quincenalmente para aprender un valor de liderazgo que sirva de base para una toma de decisiones saludable<\/p><h4>TUTOR\u00cdA CONSTANTE<\/h4><p>Facilitadores de curso formados ofrecen una tutor\u00eda consistente a trav\u00e9s de un modelo de vida de liderazgo dedicado a alcanzar y cuidar a cada estudiante.<\/p><h4>LA VERDAD INMUTABLE<\/h4><p>Un principio fundamental que debe aplicarse para que cada valor de liderazgo tenga significado<\/p><h4>M\u00daSICA<\/h4><p>Incorporado en cada presentaci\u00f3n como un lenguaje universal para afirmar cada valor de liderazgo ense\u00f1ado<\/p><h4>VIAJE<\/h4><p>Los alumnos reflexionan sobre lo que han aprendido, establecen medidas pr\u00e1cticas y expresan en qu\u00e9 punto de su vida se encuentran<\/p><h4>MEDIDAS DE ACCI\u00d3N<\/h4><p>Los alumnos determinan los pasos a seguir para aplicar cada valor de liderazgo<\/p><h4>UNIVERSIDAD MATRIZ<\/h4><p>Seminarios de formaci\u00f3n de l\u00edderes y actividades de creaci\u00f3n de equipos dise\u00f1adas para implicar a los padres con sus hijos, as\u00ed como con la administraci\u00f3n de la escuela.<\/p>\n<\/div>\n<\/div><\/div><\/div>\n<\/section><section class=\"bde-section-92-123 bde-section\">\n  \n  \n\t\n\n\n\n<div class=\"section-container\"><h1 class=\"bde-heading-92-124 bde-heading\">\nPlan de estudios acelerado R3\n<\/h1><div class=\"bde-text-92-125 bde-text\">\nEl plan de estudios R3 es un programa de seis semanas desarrollado para los estudiantes con mayor riesgo de abandono escolar. El plan de estudios acelerado R3 de CLAY Student Leadership devuelve a los estudiantes el impulso para vivir, tener \u00e9xito y cumplir el prop\u00f3sito de su vida. R3 posiciona a los estudiantes como l\u00edderes que asumen la responsabilidad de sus actos y contribuyen positivamente a sus comunidades.\n<\/div><div class=\"bde-columns-92-126 bde-columns\"><div class=\"bde-column-92-127 bde-column\">\n  \n  \n\t\n\n\n\n<div class=\"bde-text-92-128 bde-text info--box--light\">\n<b>OBJETIVOS DEL PROGRAMA<br><\/b>El plan de estudios acelerado R3 se basa en los tres principios y objetivos siguientes:<br><br>- Alcanzar: Llegar a los estudiantes all\u00ed donde se encuentran en la vida<br>- Razonar: Cambiar el paradigma de toma de decisiones de los alumnos de decisiones basadas en la emoci\u00f3n a decisiones basadas en la raz\u00f3n<br>- Liberaci\u00f3n: Liberar a los estudiantes a sus comunidades como l\u00edderes transformados y agentes de cambio\n<\/div>\n<\/div><div class=\"bde-column-92-129 bde-column\">\n  \n  \n\t\n\n\n\n<div class=\"bde-rich-text-92-130 bde-rich-text breakdance-rich-text-styles\">\n<h4>CLASES SEMANALES<\/h4><p>Los estudiantes se re\u00fanen semanalmente durante seis semanas, cada semana para aprender un valor de liderazgo que sirva de base para una toma de decisiones saludable.<\/p><h4>TUTOR\u00cdA CONSTANTE<\/h4><p>Facilitadores de cursos formados que ofrecen una tutor\u00eda coherente y compasiva<\/p><h4>LA VERDAD INMUTABLE<\/h4><p>Un principio fundamental que debe aplicarse para que cada valor de liderazgo tenga significado<\/p><h4>M\u00daSICA<\/h4><p>Incorporado a cada presentaci\u00f3n como un lenguaje universal para afirmar cada valor de liderazgo<\/p><h4>VIAJE<\/h4><p>Los alumnos reflexionan sobre lo que han aprendido, establecen medidas pr\u00e1cticas y expresan en qu\u00e9 punto de su vida se encuentran<\/p><h4>MEDIDAS DE ACCI\u00d3N<\/h4><p>Los alumnos determinan los pasos a seguir para aplicar cada valor de liderazgo<\/p>\n<\/div>\n<\/div><\/div><\/div>\n<\/section><section class=\"bde-section-92-131 bde-section\">\n  \n  \n\t\n\n\n\n<div class=\"section-container\"><h2 class=\"bde-heading-92-133 bde-heading\">\n\u00bfLe interesa?\n<\/h2><div class=\"bde-text-92-134 bde-text\">\nsi desea recibir un presupuesto o desea m\u00e1s informaci\u00f3n sobre temas curriculares para su escuela, iglesia o programa\n<\/div><div class=\"bde-form-builder-92-132 bde-form-builder\">\n\n<form id=\"contact-form132\" class=\"breakdance-form breakdance-form--vertical\" data-options=\"{&quot;slug&quot;:&quot;custom&quot;,&quot;name&quot;:&quot;Contact Form&quot;,&quot;ajaxUrl&quot;:&quot;https:\\\/\\\/claystudentleadership.org\\\/wp-admin\\\/admin-ajax.php&quot;,&quot;clearOnSuccess&quot;:true,&quot;hideOnSuccess&quot;:false,&quot;successMessage&quot;:&quot;Your message has been received!&quot;,&quot;errorMessage&quot;:&quot;Something went wrong&quot;,&quot;redirect&quot;:false,&quot;redirectUrl&quot;:&quot;&quot;,&quot;customJavaScript&quot;:&quot;&quot;,&quot;recaptcha&quot;:{&quot;key&quot;:&quot;&quot;,&quot;enabled&quot;:false},&quot;honeypot_enabled&quot;:false,&quot;popupsOnSuccess&quot;:[],&quot;popupsOnError&quot;:[]}\" data-steps=\"0\" action=\"\" >\n  \n  \n  \n<div class=\"breakdance-form-field breakdance-form-field--text\" >\n    \n    \n            <label class=\"breakdance-form-field__label\" for=\"name\">\n            Nombre<span class=\"breakdance-form-field__required\">*<\/span>\n        <\/label>\n    \n    <input\n    class=\"breakdance-form-field__input\"\n    id=\"name\"\n    aria-describedby=\"name\"\n    type=\"text\"\n    name=\"fields[name]\"\n    placeholder=\"\"\n    value=\"\"\n                \n        \n        \n    required\n>\n\n\n    \n    \n<\/div>\n\n\n<div class=\"breakdance-form-field breakdance-form-field--text\" >\n    \n    \n            <label class=\"breakdance-form-field__label\" for=\"xnywme\">\n            Su t\u00edtulo\n        <\/label>\n    \n    <input\n    class=\"breakdance-form-field__input\"\n    id=\"xnywme\"\n    aria-describedby=\"xnywme\"\n    type=\"text\"\n    name=\"fields[xnywme]\"\n    placeholder=\"\"\n    value=\"\"\n                \n        \n        \n    \n    \n    \n    \n>\n\n\n    \n    \n<\/div>\n\n\n<div class=\"breakdance-form-field breakdance-form-field--tel\" >\n    \n    \n            <label class=\"breakdance-form-field__label\" for=\"kvubcj\">\n            Tel\u00e9fono<span class=\"breakdance-form-field__required\">*<\/span>\n        <\/label>\n    \n    <input\n    class=\"breakdance-form-field__input\"\n    id=\"kvubcj\"\n    aria-describedby=\"kvubcj\"\n    type=\"tel\"\n    name=\"fields[kvubcj]\"\n    placeholder=\"\"\n    value=\"\"\n                \n        \n        \n    required\n>\n\n\n    \n    \n<\/div>\n\n\n<div class=\"breakdance-form-field breakdance-form-field--email\" >\n    \n    \n            <label class=\"breakdance-form-field__label\" for=\"email\">\n            Correo electr\u00f3nico<span class=\"breakdance-form-field__required\">*<\/span>\n        <\/label>\n    \n    <input\n    class=\"breakdance-form-field__input\"\n    id=\"email\"\n    aria-describedby=\"email\"\n    type=\"email\"\n    name=\"fields[email]\"\n    placeholder=\"\"\n    value=\"\"\n                \n        \n        \n    required\n>\n\n\n    \n    \n<\/div>\n\n\n<div class=\"breakdance-form-field breakdance-form-field--text\" >\n    \n    \n            <label class=\"breakdance-form-field__label\" for=\"jszmvi\">\n            Empresa\/Organizaci\u00f3n<span class=\"breakdance-form-field__required\">*<\/span>\n        <\/label>\n    \n    <input\n    class=\"breakdance-form-field__input\"\n    id=\"jszmvi\"\n    aria-describedby=\"jszmvi\"\n    type=\"text\"\n    name=\"fields[jszmvi]\"\n    placeholder=\"\"\n    value=\"\"\n                \n        \n        \n    required\n>\n\n\n    \n    \n<\/div>\n\n\n<div class=\"breakdance-form-field breakdance-form-field--select\" >\n    \n    \n            <label class=\"breakdance-form-field__label\" for=\"lvsdoo\">\n            Plan de estudios de inter\u00e9s<span class=\"breakdance-form-field__required\">*<\/span>\n        <\/label>\n    \n    <select\n    class=\"breakdance-form-field__input\"\n    id=\"lvsdoo\"\n    name=\"fields[lvsdoo]\"\n    required\n>\n      <option value=\"\">Seleccione...<\/option>\n          <option value=\"CLAY Six-Year\" >CLAY Seis a\u00f1os<\/option>\n        <option value=\"Clay R3\" >Arcilla R3<\/option>\n  <\/select>\n\n\n    \n    \n<\/div>\n\n\n<div class=\"breakdance-form-field breakdance-form-field--select\" >\n    \n    \n            <label class=\"breakdance-form-field__label\" for=\"exyujj\">\n            Solicitar una lecci\u00f3n de muestra <span class=\"breakdance-form-field__required\">*<\/span>\n        <\/label>\n    \n    <select\n    class=\"breakdance-form-field__input\"\n    id=\"exyujj\"\n    name=\"fields[exyujj]\"\n    required\n>\n      <option value=\"\">Seleccione...<\/option>\n          <option value=\"Yes\" >S\u00ed<\/option>\n        <option value=\"No\" >No<\/option>\n  <\/select>\n\n\n    \n    \n<\/div>\n\n\n  \n\n<div class=\"breakdance-form-field breakdance-form-footer\">\n    \n    \n                                    \n    \n    \n    \n    \n            \n            <button type=\"submit\" class=\"button-atom button-atom--primary breakdance-form-button breakdance-form-button__submit\"  >\n    \n        <span class=\"button-atom__text\">Enviar<\/span>\n\n        \n        \n            <\/button>\n    \n    <input type=\"hidden\" name=\"form_id\" value=\"132\">\n    <input type=\"hidden\" name=\"post_id\" value=\"92\">\n<\/div>\n\n  \n<input type=\"hidden\" name=\"trp-form-language\" value=\"es\"\/><\/form>\n\n\n<\/div><\/div>\n<\/section>","protected":false},"excerpt":{"rendered":"<p>Plan de estudios CLAY Liderazgo Estudiantil es un programa dise\u00f1ado para transformar positivamente las vidas de los estudiantes y los padres en comunidades de riesgo a trav\u00e9s de una formaci\u00f3n hol\u00edstica y relevante en liderazgo. Plan de estudios de seis a\u00f1os Un plan de estudios de seis a\u00f1os dise\u00f1ado para proporcionar formaci\u00f3n en liderazgo y habilidades para la vida a los estudiantes y sus familias de 7\u00ba a 12\u00ba grado. Plan de estudios acelerado R3 Dirigido a los estudiantes con mayor riesgo de [...]<\/p>","protected":false},"author":1,"featured_media":0,"parent":0,"menu_order":0,"comment_status":"closed","ping_status":"closed","template":"","meta":{"_breakdance_hide_in_design_set":false,"_breakdance_tags":"","footnotes":""},"class_list":["post-92","page","type-page","status-publish","hentry"],"meta_box":[],"_links":{"self":[{"href":"https:\/\/claystudentleadership.org\/es\/wp-json\/wp\/v2\/pages\/92","targetHints":{"allow":["GET"]}}],"collection":[{"href":"https:\/\/claystudentleadership.org\/es\/wp-json\/wp\/v2\/pages"}],"about":[{"href":"https:\/\/claystudentleadership.org\/es\/wp-json\/wp\/v2\/types\/page"}],"author":[{"embeddable":true,"href":"https:\/\/claystudentleadership.org\/es\/wp-json\/wp\/v2\/users\/1"}],"replies":[{"embeddable":true,"href":"https:\/\/claystudentleadership.org\/es\/wp-json\/wp\/v2\/comments?post=92"}],"version-history":[{"count":5,"href":"https:\/\/claystudentleadership.org\/es\/wp-json\/wp\/v2\/pages\/92\/revisions"}],"predecessor-version":[{"id":213,"href":"https:\/\/claystudentleadership.org\/es\/wp-json\/wp\/v2\/pages\/92\/revisions\/213"}],"wp:attachment":[{"href":"https:\/\/claystudentleadership.org\/es\/wp-json\/wp\/v2\/media?parent=92"}],"curies":[{"name":"wp","href":"https:\/\/api.w.org\/{rel}","templated":true}]}}