{"id":93,"date":"2023-03-31T00:24:20","date_gmt":"2023-03-31T00:24:20","guid":{"rendered":"https:\/\/claystudentleadership.org\/donte\/"},"modified":"2023-05-02T18:24:39","modified_gmt":"2023-05-02T18:24:39","slug":"donate","status":"publish","type":"page","link":"https:\/\/claystudentleadership.org\/es\/donate\/","title":{"rendered":"Donar"},"content":{"rendered":"<section class=\"bde-section-93-116 bde-section\">\n              \n  \n  \n\t\n\n  <div class=\"section-background-overlay\"><\/div>\n\n\n<div class=\"section-container\"><div class=\"bde-text-93-117 bde-text\">\nDonar\n<\/div><h3 class=\"bde-heading-93-118 bde-heading\">\nCLAY Student Leadership es un programa dise\u00f1ado para transformar positivamente las vidas de los estudiantes y los padres de las comunidades de riesgo mediante una formaci\u00f3n hol\u00edstica y relevante en materia de liderazgo.\n<\/h3><\/div>\n<\/section><section class=\"bde-section-93-108 bde-section\">\n  \n  \n\t\n\n\n\n<div class=\"section-container\"><div class=\"bde-columns-93-109 bde-columns\"><div class=\"bde-column-93-110 bde-column info--box--light\">\n  \n  \n\t\n\n\n\n<h2 class=\"bde-heading-93-112 bde-heading\">\nDonar en l\u00ednea\n<\/h2><div class=\"bde-button-93-113 bde-button\">\n    \n                                    \n    \n    \n    \n    \n            \n                    \n            \n            \n\n    \n    \n    \n    \n    \n    <a class=\"breakdance-link button-atom button-atom--primary bde-button__button\" href=\"https:\/\/www.paypal.com\/donate\/?hosted_button_id=EW58RT3S4LPRC\" target=\"_self\" data-type=\"url\"  >\n\n    \n        <span class=\"button-atom__text\">Haga clic aqu\u00ed para Paypal<\/span>\n\n        \n        \n                <\/a>\n\n    \n\n\n<\/div>\n<\/div><div class=\"bde-column-93-111 bde-column info--box--light\">\n  \n  \n\t\n\n\n\n<h2 class=\"bde-heading-93-114 bde-heading\">\nDonar con cheque\n<\/h2><div class=\"bde-text-93-115 bde-text\">\nPuede hacer una donaci\u00f3n<br>enviando un cheque por correo a<br><br>LIDERAZGO ESTUDIANTIL EN ARCILLA<br>17150 BUTTE CREEK RD, SUITE 100,<br>HOUSTON, TX 77090\n<\/div>\n<\/div><\/div><\/div>\n<\/section>","protected":false},"excerpt":{"rendered":"<p>Done CLAY Liderazgo Estudiantil es un programa dise\u00f1ado para transformar positivamente las vidas de estudiantes y padres en comunidades de riesgo a trav\u00e9s de un entrenamiento de liderazgo hol\u00edstico y relevante. Donar en l\u00ednea Haga clic aqu\u00ed para Paypal Donar con cheque Puede hacer una donaci\u00f3n enviando un cheque a:CLAY STUDENT LEADERSHIP17150 BUTTE CREEK RD, SUITE 100,HOUSTON, TX 77090<\/p>","protected":false},"author":1,"featured_media":0,"parent":0,"menu_order":0,"comment_status":"closed","ping_status":"closed","template":"","meta":{"_breakdance_hide_in_design_set":false,"_breakdance_tags":"","footnotes":""},"class_list":["post-93","page","type-page","status-publish","hentry"],"meta_box":[],"_links":{"self":[{"href":"https:\/\/claystudentleadership.org\/es\/wp-json\/wp\/v2\/pages\/93","targetHints":{"allow":["GET"]}}],"collection":[{"href":"https:\/\/claystudentleadership.org\/es\/wp-json\/wp\/v2\/pages"}],"about":[{"href":"https:\/\/claystudentleadership.org\/es\/wp-json\/wp\/v2\/types\/page"}],"author":[{"embeddable":true,"href":"https:\/\/claystudentleadership.org\/es\/wp-json\/wp\/v2\/users\/1"}],"replies":[{"embeddable":true,"href":"https:\/\/claystudentleadership.org\/es\/wp-json\/wp\/v2\/comments?post=93"}],"version-history":[{"count":5,"href":"https:\/\/claystudentleadership.org\/es\/wp-json\/wp\/v2\/pages\/93\/revisions"}],"predecessor-version":[{"id":193,"href":"https:\/\/claystudentleadership.org\/es\/wp-json\/wp\/v2\/pages\/93\/revisions\/193"}],"wp:attachment":[{"href":"https:\/\/claystudentleadership.org\/es\/wp-json\/wp\/v2\/media?parent=93"}],"curies":[{"name":"wp","href":"https:\/\/api.w.org\/{rel}","templated":true}]}}